

{"id":1989,"date":"2020-04-27T17:24:53","date_gmt":"2020-04-27T15:24:53","guid":{"rendered":"https:\/\/www.art-michelboulet.com\/?post_type=product&#038;p=1989"},"modified":"2025-12-28T17:14:10","modified_gmt":"2025-12-28T16:14:10","slug":"new-york","status":"publish","type":"product","link":"https:\/\/www.art-michelboulet.com\/en\/produit\/new-york\/","title":{"rendered":"New-York"},"content":{"rendered":"","protected":false},"excerpt":{"rendered":"<div>&#8220;New-York&#8221; Edition<\/div>\n<div><\/div>\n<div>Dans la collection Les V\u00e9los, &#8220;New-York&#8221;, r\u00e9alis\u00e9e en 2001 par Michel Boulet.<\/div>\n<div>Choisissez votre support, les dimensions, et les finitions:<\/div>\n","protected":false},"featured_media":2008,"template":"","meta":[],"product_cat":[74],"product_tag":[],"class_list":{"0":"post-1989","1":"product","2":"type-product","3":"status-publish","4":"has-post-thumbnail","6":"product_cat-les-velos","8":"first","9":"instock","10":"featured","11":"shipping-taxable","12":"purchasable","13":"product-type-variable"},"jetpack_sharing_enabled":true,"_links":{"self":[{"href":"https:\/\/www.art-michelboulet.com\/en\/wp-json\/wp\/v2\/product\/1989"}],"collection":[{"href":"https:\/\/www.art-michelboulet.com\/en\/wp-json\/wp\/v2\/product"}],"about":[{"href":"https:\/\/www.art-michelboulet.com\/en\/wp-json\/wp\/v2\/types\/product"}],"wp:featuredmedia":[{"embeddable":true,"href":"https:\/\/www.art-michelboulet.com\/en\/wp-json\/wp\/v2\/media\/2008"}],"wp:attachment":[{"href":"https:\/\/www.art-michelboulet.com\/en\/wp-json\/wp\/v2\/media?parent=1989"}],"wp:term":[{"taxonomy":"product_cat","embeddable":true,"href":"https:\/\/www.art-michelboulet.com\/en\/wp-json\/wp\/v2\/product_cat?post=1989"},{"taxonomy":"product_tag","embeddable":true,"href":"https:\/\/www.art-michelboulet.com\/en\/wp-json\/wp\/v2\/product_tag?post=1989"}],"curies":[{"name":"wp","href":"https:\/\/api.w.org\/{rel}","templated":true}]}}