

{"id":2063,"date":"2020-04-27T17:37:08","date_gmt":"2020-04-27T15:37:08","guid":{"rendered":"https:\/\/www.art-michelboulet.com\/?post_type=product&#038;p=2063"},"modified":"2025-12-28T16:46:53","modified_gmt":"2025-12-28T15:46:53","slug":"le-grand-plongeon","status":"publish","type":"product","link":"https:\/\/www.art-michelboulet.com\/en\/produit\/le-grand-plongeon\/","title":{"rendered":"Le grand plongeon"},"content":{"rendered":"","protected":false},"excerpt":{"rendered":"<div>&#8220;Le grand plongeon&#8221; Edition<\/div>\n<div><\/div>\n<div>Dans la collection Les sc\u00e8nes de vie, &#8220;Le grand plongeon&#8221;, r\u00e9alis\u00e9e en 1989 par Michel Boulet.<\/div>\n<div>Choisissez votre support, les dimensions, et les finitions:<\/div>\n","protected":false},"featured_media":2089,"template":"","meta":[],"product_cat":[117],"product_tag":[],"class_list":{"0":"post-2063","1":"product","2":"type-product","3":"status-publish","4":"has-post-thumbnail","6":"product_cat-les-scenes-de-vie","8":"first","9":"instock","10":"shipping-taxable","11":"purchasable","12":"product-type-variable"},"jetpack_sharing_enabled":true,"_links":{"self":[{"href":"https:\/\/www.art-michelboulet.com\/en\/wp-json\/wp\/v2\/product\/2063"}],"collection":[{"href":"https:\/\/www.art-michelboulet.com\/en\/wp-json\/wp\/v2\/product"}],"about":[{"href":"https:\/\/www.art-michelboulet.com\/en\/wp-json\/wp\/v2\/types\/product"}],"wp:featuredmedia":[{"embeddable":true,"href":"https:\/\/www.art-michelboulet.com\/en\/wp-json\/wp\/v2\/media\/2089"}],"wp:attachment":[{"href":"https:\/\/www.art-michelboulet.com\/en\/wp-json\/wp\/v2\/media?parent=2063"}],"wp:term":[{"taxonomy":"product_cat","embeddable":true,"href":"https:\/\/www.art-michelboulet.com\/en\/wp-json\/wp\/v2\/product_cat?post=2063"},{"taxonomy":"product_tag","embeddable":true,"href":"https:\/\/www.art-michelboulet.com\/en\/wp-json\/wp\/v2\/product_tag?post=2063"}],"curies":[{"name":"wp","href":"https:\/\/api.w.org\/{rel}","templated":true}]}}