

{"id":2248,"date":"2020-04-27T18:05:54","date_gmt":"2020-04-27T16:05:54","guid":{"rendered":"https:\/\/www.art-michelboulet.com\/?post_type=product&#038;p=2248"},"modified":"2025-12-28T15:44:55","modified_gmt":"2025-12-28T14:44:55","slug":"la-belle-epoque","status":"publish","type":"product","link":"https:\/\/www.art-michelboulet.com\/en\/produit\/la-belle-epoque\/","title":{"rendered":"La belle \u00e9poque"},"content":{"rendered":"","protected":false},"excerpt":{"rendered":"<div>&#8220;La belle \u00e9poque&#8221; Edition<\/div>\n<div><\/div>\n<div>Dans la collection Les sc\u00e8nes de vie, &#8220;La belle \u00e9poque&#8221;, r\u00e9alis\u00e9e en 2011 par Michel Boulet.<\/div>\n<div>Choisissez votre support, les dimensions, et les finitions:<\/div>\n","protected":false},"featured_media":2274,"template":"","meta":[],"product_cat":[117],"product_tag":[],"class_list":{"0":"post-2248","1":"product","2":"type-product","3":"status-publish","4":"has-post-thumbnail","6":"product_cat-les-scenes-de-vie","8":"first","9":"instock","10":"shipping-taxable","11":"purchasable","12":"product-type-variable"},"jetpack_sharing_enabled":true,"_links":{"self":[{"href":"https:\/\/www.art-michelboulet.com\/en\/wp-json\/wp\/v2\/product\/2248"}],"collection":[{"href":"https:\/\/www.art-michelboulet.com\/en\/wp-json\/wp\/v2\/product"}],"about":[{"href":"https:\/\/www.art-michelboulet.com\/en\/wp-json\/wp\/v2\/types\/product"}],"wp:featuredmedia":[{"embeddable":true,"href":"https:\/\/www.art-michelboulet.com\/en\/wp-json\/wp\/v2\/media\/2274"}],"wp:attachment":[{"href":"https:\/\/www.art-michelboulet.com\/en\/wp-json\/wp\/v2\/media?parent=2248"}],"wp:term":[{"taxonomy":"product_cat","embeddable":true,"href":"https:\/\/www.art-michelboulet.com\/en\/wp-json\/wp\/v2\/product_cat?post=2248"},{"taxonomy":"product_tag","embeddable":true,"href":"https:\/\/www.art-michelboulet.com\/en\/wp-json\/wp\/v2\/product_tag?post=2248"}],"curies":[{"name":"wp","href":"https:\/\/api.w.org\/{rel}","templated":true}]}}