

{"id":2302,"date":"2020-04-27T18:08:21","date_gmt":"2020-04-27T16:08:21","guid":{"rendered":"https:\/\/www.art-michelboulet.com\/?post_type=product&#038;p=2302"},"modified":"2025-12-28T15:35:40","modified_gmt":"2025-12-28T14:35:40","slug":"le-cafe-de-paris","status":"publish","type":"product","link":"https:\/\/www.art-michelboulet.com\/en\/produit\/le-cafe-de-paris\/","title":{"rendered":"Le Caf\u00e9 de Paris"},"content":{"rendered":"","protected":false},"excerpt":{"rendered":"<div>&#8220;Le Caf\u00e9 de Paris&#8221; Edition<\/div>\n<div><\/div>\n<div>Dans la collection Les sc\u00e8nes de vie, &#8220;Le Caf\u00e9 de Paris&#8221;, r\u00e9alis\u00e9e en XXXX par Michel Boulet.<\/div>\n<div>Choisissez votre support, les dimensions, et les finitions:<\/div>\n","protected":false},"featured_media":2327,"template":"","meta":[],"product_cat":[117],"product_tag":[],"class_list":{"0":"post-2302","1":"product","2":"type-product","3":"status-publish","4":"has-post-thumbnail","6":"product_cat-les-scenes-de-vie","8":"first","9":"instock","10":"featured","11":"shipping-taxable","12":"purchasable","13":"product-type-variable"},"jetpack_sharing_enabled":true,"_links":{"self":[{"href":"https:\/\/www.art-michelboulet.com\/en\/wp-json\/wp\/v2\/product\/2302"}],"collection":[{"href":"https:\/\/www.art-michelboulet.com\/en\/wp-json\/wp\/v2\/product"}],"about":[{"href":"https:\/\/www.art-michelboulet.com\/en\/wp-json\/wp\/v2\/types\/product"}],"wp:featuredmedia":[{"embeddable":true,"href":"https:\/\/www.art-michelboulet.com\/en\/wp-json\/wp\/v2\/media\/2327"}],"wp:attachment":[{"href":"https:\/\/www.art-michelboulet.com\/en\/wp-json\/wp\/v2\/media?parent=2302"}],"wp:term":[{"taxonomy":"product_cat","embeddable":true,"href":"https:\/\/www.art-michelboulet.com\/en\/wp-json\/wp\/v2\/product_cat?post=2302"},{"taxonomy":"product_tag","embeddable":true,"href":"https:\/\/www.art-michelboulet.com\/en\/wp-json\/wp\/v2\/product_tag?post=2302"}],"curies":[{"name":"wp","href":"https:\/\/api.w.org\/{rel}","templated":true}]}}