

{"id":2493,"date":"2020-04-28T15:23:26","date_gmt":"2020-04-28T13:23:26","guid":{"rendered":"https:\/\/www.art-michelboulet.com\/?post_type=product&#038;p=2493"},"modified":"2025-12-28T14:56:42","modified_gmt":"2025-12-28T13:56:42","slug":"le-petit-manege","status":"publish","type":"product","link":"https:\/\/www.art-michelboulet.com\/en\/produit\/le-petit-manege\/","title":{"rendered":"Le petit man\u00e8ge"},"content":{"rendered":"","protected":false},"excerpt":{"rendered":"<div>&#8220;Le petit man\u00e8ge&#8221; Edition<\/div>\n<div><\/div>\n<div>Dans la collection <em>Les enfants<\/em>, &#8220;Le petit man\u00e8ge&#8221;, r\u00e9alis\u00e9e en 1996 par Michel Boulet.<\/div>\n<div><\/div>\n<div>Choisissez votre support, les dimensions, et les finitions:<\/div>\n","protected":false},"featured_media":2519,"template":"","meta":[],"product_cat":[76],"product_tag":[],"class_list":{"0":"post-2493","1":"product","2":"type-product","3":"status-publish","4":"has-post-thumbnail","6":"product_cat-les-enfants","8":"first","9":"instock","10":"shipping-taxable","11":"purchasable","12":"product-type-variable"},"jetpack_sharing_enabled":true,"_links":{"self":[{"href":"https:\/\/www.art-michelboulet.com\/en\/wp-json\/wp\/v2\/product\/2493"}],"collection":[{"href":"https:\/\/www.art-michelboulet.com\/en\/wp-json\/wp\/v2\/product"}],"about":[{"href":"https:\/\/www.art-michelboulet.com\/en\/wp-json\/wp\/v2\/types\/product"}],"wp:featuredmedia":[{"embeddable":true,"href":"https:\/\/www.art-michelboulet.com\/en\/wp-json\/wp\/v2\/media\/2519"}],"wp:attachment":[{"href":"https:\/\/www.art-michelboulet.com\/en\/wp-json\/wp\/v2\/media?parent=2493"}],"wp:term":[{"taxonomy":"product_cat","embeddable":true,"href":"https:\/\/www.art-michelboulet.com\/en\/wp-json\/wp\/v2\/product_cat?post=2493"},{"taxonomy":"product_tag","embeddable":true,"href":"https:\/\/www.art-michelboulet.com\/en\/wp-json\/wp\/v2\/product_tag?post=2493"}],"curies":[{"name":"wp","href":"https:\/\/api.w.org\/{rel}","templated":true}]}}